{"id":4533,"date":"2021-03-14T14:53:14","date_gmt":"2021-03-14T14:53:14","guid":{"rendered":"https:\/\/cathayassociates.hu\/%e7%ab%9e%e4%ba%89%e6%b3%95%e4%b8%8e%e6%b6%88%e8%b4%b9%e8%80%85%e4%bf%9d%e6%8a%a4\/"},"modified":"2021-04-29T16:47:38","modified_gmt":"2021-04-29T16:47:38","slug":"%e7%ab%9e%e4%ba%89%e6%b3%95%e4%b8%8e%e6%b6%88%e8%b4%b9%e8%80%85%e4%bf%9d%e6%8a%a4","status":"publish","type":"page","link":"https:\/\/cathayassociates.hu\/zh-hans\/%e7%ab%9e%e4%ba%89%e6%b3%95%e4%b8%8e%e6%b6%88%e8%b4%b9%e8%80%85%e4%bf%9d%e6%8a%a4\/","title":{"rendered":"\u7ade\u4e89\u6cd5\u4e0e\u6d88\u8d39\u8005\u4fdd\u62a4"},"content":{"rendered":"<section id=\"bt_bb_section69f2b42c31d01\" class=\"bt_bb_section bt_bb_color_scheme_1 bt_bb_layout_boxed_1200 bt_bb_vertical_align_top bt_bb_top_spacing_large bt_bb_bottom_spacing_large\" style=\"; --section-primary-color:#ffffff; --section-secondary-color:#191919;\" data-bt-override-class=\"null\"><div class=\"bt_bb_background_image_holder_wrapper\"><div class=\"bt_bb_background_image_holder btLazyLoadBackground\"  data-background_image_src=\"https:\/\/cathayassociates.hu\/wp-content\/uploads\/2020\/01\/hero_home_05_background.jpg\" data-parallax-zoom-start=\"1\" data-parallax-zoom-end=\"1\" data-parallax-blur-start=\"0\" data-parallax-blur-end=\"0\" data-parallax-opacity-start=\"1\" data-parallax-opacity-end=\"1\" style=\" background-image: url(&#039;https:\/\/cathayassociates.hu\/wp-content\/plugins\/bold-page-builder\/img\/blank.gif&#039;);\"><\/div><\/div><div class=\"bt_bb_port\"><div class=\"bt_bb_cell\"><div class=\"bt_bb_cell_inner\"><div class=\"bt_bb_row_wrapper\"><div  class=\"bt_bb_row\"  data-bt-override-class=\"{}\"><div  class=\"bt_bb_column col-xl-12 col-xs-12 col-sm-12 col-md-12 col-lg-12 bt_bb_align_left bt_bb_padding_normal\"  data-width=\"12\" data-bt-override-class=\"{}\"><div class=\"bt_bb_column_content bt_bb_vertical_align_top bt_bb_color_scheme_\"><div class=\"bt_bb_column_content_inner\"><\/div><\/div><\/div><\/div><\/div><\/div><!-- cell_inner --><\/div><!-- cell --><\/div><!-- port --><\/section><section id=\"bt_bb_section69f2b42c32076\" class=\"bt_bb_section bt_bb_layout_boxed_1200 bt_bb_vertical_align_top bt_bb_top_spacing_large bt_bb_bottom_spacing_large\"  data-bt-override-class=\"null\"><div class=\"bt_bb_port\"><div class=\"bt_bb_cell\"><div class=\"bt_bb_cell_inner\"><div class=\"bt_bb_row_wrapper\"><div  class=\"bt_bb_row\"  data-bt-override-class=\"{}\"><div  class=\"bt_bb_column col-xl-12 col-xs-12 col-sm-12 col-md-12 col-lg-12 bt_bb_align_left bt_bb_padding_normal\"  data-width=\"12\" data-bt-override-class=\"{}\"><div class=\"bt_bb_column_content bt_bb_vertical_align_top bt_bb_color_scheme_\"><div class=\"bt_bb_column_content_inner\"><div  class=\"bt_bb_text\" ><p class=\"p1\"><b>\u7ade\u4e89\u6cd5\u4e0e\u6d88\u8d39\u8005\u4fdd\u62a4<\/b><\/p>\n<ul class=\"ul1\">\n<li class=\"li3\">\u8d1f\u8d23\u4eba\u5728\u9488\u5bf9\u7535\u5b50\u901a\u4fe1\u884c\u4e1a\u4e2d\u7684\u6d88\u8d39\u8005\u548c\u5546\u4e1a\u4f19\u4f34\u7684\u4e0d\u6b63\u5f53\u5546\u4e1a\u884c\u4e3a\u7684\u7ade\u4e89\u7a0b\u5e8f\u4e2d\u7684\u4ee3\u8868\uff1b<\/li>\n<li class=\"li3\">\u7531\u4e8e\u5e02\u573a\u884c\u4e3a\u4e0d\u516c\u5e73\uff0c\u5728\u53cd\u6258\u62c9\u65af\u8bc9\u8bbc\u4e2d\u4ee3\u8868\u5308\u7259\u5229\u548c\u4e2d\u6b27\u822a\u7a7a\u516c\u53f8\uff1b<\/li>\n<li class=\"li3\">\u5728\u53cd\u6258\u62c9\u65af\u8bc9\u8bbc\u4e2d\u4ee3\u8868\u6b27\u6d32\u6700\u5927\u7684\u98df\u54c1\u8865\u5145\u5242\u5236\u9020\u5546\u4e4b\u4e00\uff1b<\/li>\n<li class=\"li3\">\u7535\u4fe1\u884c\u4e1a\u7ade\u4e89\u8005\u6ee5\u7528\u652f\u914d\u5730\u4f4d\u7684\u5b98\u65b9\u901a\u77e5\u548c\u79c1\u4eba\u6267\u6cd5\uff1b<\/li>\n<li class=\"li3\">\u5728\u5361\u7279\u5c14\u7ade\u4e89\u7a0b\u5e8f\u4e2d\u4e3a\u5308\u7259\u5229\u9886\u5148\u7684IT\u516c\u53f8\u63d0\u4f9b\u6cd5\u5f8b\u54a8\u8be2\u548c\u4ee3\u7406\uff1b<\/li>\n<li class=\"li3\">\u5411\u8de8\u56fd\u516c\u53f8\u63d0\u4f9b\u6c38\u4e45\u6027\u6cd5\u5f8b\u54a8\u8be2\uff0c\u4ee5\u9632\u6b62\u51fa\u73b0\u53cd\u7ade\u4e89\u534f\u8bae\uff0c\u5bf9\u6d88\u8d39\u8005\u7684\u4e0d\u516c\u5e73\u5546\u4e1a\u884c\u4e3a\uff1b<\/li>\n<li class=\"li3\">\u4e3a\u9886\u5148\u7684\u56fd\u9645\u91d1\u878d\u673a\u6784\u5236\u5b9a\u7ade\u4e89\u5408\u89c4\u8ba1\u5212\uff1b<\/li>\n<li class=\"li3\">\u5b9a\u671f\u8fdb\u884c\u8fdb\u4e00\u6b65\u57f9\u8bad\uff0c\u4ee5\u786e\u4fdd\u9075\u5b88\u7ade\u4e89\u6cd5\uff1b<\/li>\n<li class=\"li3\">\u76d1\u63a7\u7ade\u4e89\u5bf9\u624b\u7684\u516c\u5e73\u5e02\u573a\u884c\u4e3a\uff0c\u5e76\u5728\u5fc5\u8981\u65f6\u63d0\u9192\u6709\u5173\u5f53\u5c40\uff1b<\/li>\n<li class=\"li3\">\u5411\u5308\u7259\u5229\u7ade\u4e89\u7ba1\u7406\u5c40\u53d1\u51fa\u5408\u5e76\u901a\u77e5\uff0c\u5e76\u91cd\u78c5\u4ee3\u7406\u91cd\u5de5\u4e1a\u9886\u57df\u7684\u4e3b\u8981\u4e1a\u52a1\u4eba\u5458\uff1b<\/li>\n<li class=\"li3\">\u5308\u7259\u5229\u9886\u5148\u7684\u80fd\u6e90\u516c\u53f8\u5728\u6574\u4e2a\u793e\u533a\u8303\u56f4\u5185\u7684\u6cd5\u5f8b\u54a8\u8be2\u3002<\/li>\n<\/ul>\n<\/div><\/div><\/div><\/div><\/div><\/div><\/div><!-- cell_inner --><\/div><!-- cell --><\/div><!-- port --><\/section><section id=\"bt_bb_section69f2b42c32a87\" class=\"bt_bb_section bt_bb_color_scheme_1 bt_bb_layout_boxed_1200 bt_bb_vertical_align_top bt_bb_top_spacing_large bt_bb_bottom_spacing_medium\" style=\"; --section-primary-color:#ffffff; --section-secondary-color:#191919;\" data-bt-override-class=\"null\"><div class=\"bt_bb_background_image_holder_wrapper\"><div class=\"bt_bb_background_image_holder btLazyLoadBackground bt_bb_parallax\"  data-background_image_src=\"https:\/\/cathayassociates.hu\/wp-content\/uploads\/2019\/10\/footer_background_04.jpg\" data-parallax=\"0.7\" data-parallax-offset=\"0\" data-parallax-zoom-start=\"1\" data-parallax-zoom-end=\"1\" data-parallax-blur-start=\"0\" data-parallax-blur-end=\"0\" data-parallax-opacity-start=\"1\" data-parallax-opacity-end=\"1\" style=\" background-image: url(&#039;https:\/\/cathayassociates.hu\/wp-content\/plugins\/bold-page-builder\/img\/blank.gif&#039;);\"><\/div><\/div><div class=\"bt_bb_port\"><div class=\"bt_bb_cell\"><div class=\"bt_bb_cell_inner\"><div class=\"bt_bb_row_wrapper\"><div  class=\"bt_bb_row\"  data-bt-override-class=\"{}\"><div  class=\"bt_bb_column col-xl-4 col-xs-12 col-sm-12 col-md-12 col-lg-4 bt_bb_align_left bt_bb_padding_normal bt_bb_animation_fade_in bt_bb_animation_move_up animate\"  data-width=\"4\" data-bt-override-class=\"{}\"><div class=\"bt_bb_column_content bt_bb_vertical_align_bottom bt_bb_color_scheme_\"><div class=\"bt_bb_column_content_inner\"><div class=\"bt_bb_image bt_bb_shape_square bt_bb_target_self bt_bb_align_inherit bt_bb_hover_style_simple bt_bb_content_display_always bt_bb_content_align_middle\" data-bt-override-class=\"{&quot;bt_bb_align_&quot;:{&quot;current_class&quot;:&quot;bt_bb_align_inherit&quot;,&quot;xxl&quot;:&quot;inherit&quot;,&quot;xl&quot;:&quot;inherit&quot;}}\"><span><img loading=\"lazy\" decoding=\"async\" width=\"320\" height=\"101\" src=\"https:\/\/cathayassociates.hu\/wp-content\/uploads\/2021\/03\/Varnai_logo_gold-320x101.png\" class=\"attachment-boldthemes_small size-boldthemes_small\" alt=\"https:\/\/cathayassociates.hu\/wp-content\/uploads\/2021\/03\/Varnai_logo_gold-320x101.png\" data-full_image_src=\"https:\/\/cathayassociates.hu\/wp-content\/uploads\/2021\/03\/Varnai_logo_gold.png\" title=\"Varnai_logo_gold\" srcset=\"https:\/\/cathayassociates.hu\/wp-content\/uploads\/2021\/03\/Varnai_logo_gold-320x101.png 320w, https:\/\/cathayassociates.hu\/wp-content\/uploads\/2021\/03\/Varnai_logo_gold-640x203.png 640w, https:\/\/cathayassociates.hu\/wp-content\/uploads\/2021\/03\/Varnai_logo_gold-768x243.png 768w, https:\/\/cathayassociates.hu\/wp-content\/uploads\/2021\/03\/Varnai_logo_gold.png 831w\" sizes=\"auto, (max-width: 320px) 100vw, 320px\" \/><\/span><\/div><div class=\"bt_bb_separator bt_bb_border_style_none bt_bb_bottom_spacing_50\" data-bt-override-class=\"null\"><\/div><div class=\"bt_bb_icon bt_bb_color_scheme_4 bt_bb_style_borderless bt_bb_size_xsmall bt_bb_shape_circle bt_bb_target_self bt_bb_align_inherit bt_bb_text_align_top\" style=\"; --primary-color:#8c7156; --secondary-color:#ffffff;\" data-bt-override-class=\"{&quot;bt_bb_size_&quot;:{&quot;current_class&quot;:&quot;bt_bb_size_xsmall&quot;,&quot;xxl&quot;:&quot;xsmall&quot;,&quot;xl&quot;:&quot;xsmall&quot;},&quot;bt_bb_align_&quot;:{&quot;current_class&quot;:&quot;bt_bb_align_inherit&quot;,&quot;xxl&quot;:&quot;inherit&quot;,&quot;xl&quot;:&quot;inherit&quot;}}\"><span  data-ico-fontawesome=\"&#xf015;\" class=\"bt_bb_icon_holder\"><span>1026 Budapest, Pasar\u00e9ti \u00fat 25. A. \u00e9p. II\/1.<\/span><\/span><\/div><div class=\"bt_bb_separator bt_bb_border_style_none bt_bb_bottom_spacing_small\" data-bt-override-class=\"null\"><\/div><div class=\"bt_bb_icon bt_bb_color_scheme_4 bt_bb_style_borderless bt_bb_size_xsmall bt_bb_shape_circle bt_bb_target_self bt_bb_align_inherit bt_bb_text_align_top\" style=\"; --primary-color:#8c7156; --secondary-color:#ffffff;\" data-bt-override-class=\"{&quot;bt_bb_size_&quot;:{&quot;current_class&quot;:&quot;bt_bb_size_xsmall&quot;,&quot;xxl&quot;:&quot;xsmall&quot;,&quot;xl&quot;:&quot;xsmall&quot;},&quot;bt_bb_align_&quot;:{&quot;current_class&quot;:&quot;bt_bb_align_inherit&quot;,&quot;xxl&quot;:&quot;inherit&quot;,&quot;xl&quot;:&quot;inherit&quot;}}\"><span  data-ico-fontawesome=\"&#xf095;\" class=\"bt_bb_icon_holder\"><span>+36 1 920 2040<\/span><\/span><\/div><div class=\"bt_bb_separator bt_bb_border_style_none bt_bb_bottom_spacing_small\" data-bt-override-class=\"null\"><\/div><div class=\"bt_bb_icon bt_bb_color_scheme_4 bt_bb_style_borderless bt_bb_size_xsmall bt_bb_shape_circle bt_bb_target_self bt_bb_align_inherit bt_bb_text_align_top\" style=\"; --primary-color:#8c7156; --secondary-color:#ffffff;\" data-bt-override-class=\"{&quot;bt_bb_size_&quot;:{&quot;current_class&quot;:&quot;bt_bb_size_xsmall&quot;,&quot;xxl&quot;:&quot;xsmall&quot;,&quot;xl&quot;:&quot;xsmall&quot;},&quot;bt_bb_align_&quot;:{&quot;current_class&quot;:&quot;bt_bb_align_inherit&quot;,&quot;xxl&quot;:&quot;inherit&quot;,&quot;xl&quot;:&quot;inherit&quot;}}\"><span  data-ico-fontawesome=\"&#xf0e0;\" class=\"bt_bb_icon_holder\"><span>office@cathayassociates.hu<\/span><\/span><\/div><div class=\"bt_bb_separator bt_bb_border_style_none bt_bb_bottom_spacing_normal\" data-bt-override-class=\"null\"><\/div><div  class=\"bt_bb_text\" ><p>\u8ddf\u7740\u6211\u4eec\uff1a<\/p>\n<\/div><div class=\"bt_bb_separator bt_bb_border_style_none bt_bb_bottom_spacing_extra_small\" data-bt-override-class=\"null\"><\/div><div class=\"bt_bb_icon bt_bb_color_scheme_6 bt_bb_style_filled bt_bb_size_small bt_bb_shape_square bt_bb_target_blank bt_bb_text_empty bt_bb_align_inherit\" style=\"; --primary-color:#ffffff; --secondary-color:#8c7156;\" data-bt-override-class=\"{&quot;bt_bb_size_&quot;:{&quot;current_class&quot;:&quot;bt_bb_size_small&quot;,&quot;xxl&quot;:&quot;small&quot;,&quot;xl&quot;:&quot;small&quot;},&quot;bt_bb_align_&quot;:{&quot;current_class&quot;:&quot;bt_bb_align_inherit&quot;,&quot;xxl&quot;:&quot;inherit&quot;,&quot;xl&quot;:&quot;inherit&quot;}}\"><a href=\"https:\/\/www.facebook.com\/V%C3%A1rnai-%C3%A9s-T%C3%A1rsa-%C3%9Cgyv%C3%A9di-Iroda-420887442082691\"  target=\"_blank\"   data-ico-fontawesome=\"&#xf09a;\" class=\"bt_bb_icon_holder\"><\/a><\/div><div class=\"bt_bb_icon bt_bb_color_scheme_6 bt_bb_style_filled bt_bb_size_small bt_bb_shape_square bt_bb_target_blank bt_bb_text_empty bt_bb_align_inherit\" style=\"; --primary-color:#ffffff; --secondary-color:#8c7156;\" data-bt-override-class=\"{&quot;bt_bb_size_&quot;:{&quot;current_class&quot;:&quot;bt_bb_size_small&quot;,&quot;xxl&quot;:&quot;small&quot;,&quot;xl&quot;:&quot;small&quot;},&quot;bt_bb_align_&quot;:{&quot;current_class&quot;:&quot;bt_bb_align_inherit&quot;,&quot;xxl&quot;:&quot;inherit&quot;,&quot;xl&quot;:&quot;inherit&quot;}}\"><a href=\"https:\/\/www.linkedin.com\/company\/cathay-associates\"  target=\"_blank\"   data-ico-fontawesome=\"&#xf0e1;\" class=\"bt_bb_icon_holder\"><\/a><\/div><div class=\"bt_bb_separator bt_bb_border_style_none bt_bb_bottom_spacing_medium\" data-bt-override-class=\"null\"><\/div><\/div><\/div><\/div><div  class=\"bt_bb_column col-xl-4 col-xs-12 col-sm-12 col-md-12 col-lg-4 bt_bb_align_left bt_bb_padding_normal bt_bb_animation_fade_in bt_bb_animation_move_up animate\"  data-width=\"4\" data-bt-override-class=\"{}\"><div class=\"bt_bb_column_content bt_bb_vertical_align_bottom bt_bb_color_scheme_\"><div class=\"bt_bb_column_content_inner\"><header class=\"bt_bb_headline bt_bb_dash_none bt_bb_superheadline bt_bb_size_small bt_bb_align_inherit bt_bb_supertitle_font_weight_semi-bold btNoHeadline\" data-bt-override-class=\"{&quot;bt_bb_align_&quot;:{&quot;current_class&quot;:&quot;bt_bb_align_inherit&quot;,&quot;xxl&quot;:&quot;inherit&quot;,&quot;xl&quot;:&quot;inherit&quot;}}\"><h4 class=\"bt_bb_headline_tag\"><span class=\"bt_bb_headline_superheadline\">\u94fe\u63a5<\/span><\/h4><\/header><div class=\"bt_bb_separator bt_bb_border_style_none bt_bb_bottom_spacing_normal bt_bb_hidden_xs bt_bb_hidden_ms bt_bb_hidden_sm\" data-bt-override-class=\"null\"><\/div><div class=\"bt_bb_separator bt_bb_border_style_none bt_bb_bottom_spacing_normal\" data-bt-override-class=\"null\"><\/div><div class=\"bt_bb_custom_menu bt_bb_direction_vertical\"><div class=\"menu-footer-kinai-container\"><ul id=\"menu-footer-kinai\" class=\"menu\"><li id=\"menu-item-5040\" class=\"menu-item menu-item-type-custom menu-item-object-custom menu-item-5040\"><a target=\"_blank\" href=\"https:\/\/cathay.global\">Cathay Global<\/a><\/li>\n<li id=\"menu-item-5041\" class=\"menu-item menu-item-type-custom menu-item-object-custom menu-item-5041\"><a target=\"_blank\" href=\"https:\/\/njt.hu\">\u56fd\u5bb6\u7acb\u6cd5<\/a><\/li>\n<li id=\"menu-item-5042\" class=\"menu-item menu-item-type-custom menu-item-object-custom menu-item-5042\"><a target=\"_blank\" href=\"https:\/\/www.e-cegjegyzek.hu\">\u516c\u53f8\u4fe1\u606f\u670d\u52a1<\/a><\/li>\n<li id=\"menu-item-5043\" class=\"menu-item menu-item-type-custom menu-item-object-custom menu-item-5043\"><a target=\"_blank\" href=\"https:\/\/www.kamatkalkulator.hu\/kesedelmi-adatbevitel\">\u5229\u606f\u8ba1\u7b97\u5668<\/a><\/li>\n<li id=\"menu-item-5044\" class=\"menu-item menu-item-type-custom menu-item-object-custom menu-item-5044\"><a target=\"_blank\" href=\"https:\/\/www.hatarido-szamitas.hu\/hatarido-szamitas\">\u622a\u6b62\u65e5\u671f\u8ba1\u7b97<\/a><\/li>\n<\/ul><\/div><\/div><div class=\"bt_bb_separator bt_bb_border_style_none bt_bb_bottom_spacing_medium\" data-bt-override-class=\"null\"><\/div><\/div><\/div><\/div><div  class=\"bt_bb_column col-xl-4 col-xs-12 col-sm-12 col-md-12 col-lg-4 bt_bb_align_left bt_bb_padding_normal bt_bb_animation_fade_in bt_bb_animation_move_up animate\"  data-width=\"4\" data-bt-override-class=\"{}\"><div class=\"bt_bb_column_content bt_bb_vertical_align_bottom bt_bb_color_scheme_\"><div class=\"bt_bb_column_content_inner\"><header class=\"bt_bb_headline bt_bb_dash_none bt_bb_superheadline bt_bb_size_small bt_bb_align_inherit bt_bb_supertitle_font_weight_semi-bold btNoHeadline\" data-bt-override-class=\"{&quot;bt_bb_align_&quot;:{&quot;current_class&quot;:&quot;bt_bb_align_inherit&quot;,&quot;xxl&quot;:&quot;inherit&quot;,&quot;xl&quot;:&quot;inherit&quot;}}\"><h4 class=\"bt_bb_headline_tag\"><span class=\"bt_bb_headline_superheadline\">\u54a8\u8be2\u670d\u52a1<\/span><\/h4><\/header><div class=\"bt_bb_separator bt_bb_border_style_none bt_bb_bottom_spacing_normal bt_bb_hidden_xs bt_bb_hidden_ms bt_bb_hidden_sm\" data-bt-override-class=\"null\"><\/div><div class=\"bt_bb_separator bt_bb_border_style_none bt_bb_bottom_spacing_normal\" data-bt-override-class=\"null\"><\/div><div class=\"bt_bb_button bt_bb_color_scheme_6 bt_bb_icon_color_scheme_6 bt_bb_style_outline bt_bb_size_normal bt_bb_width_inline bt_bb_shape_square bt_bb_align_inherit btWithIcon\" style=\"; --button-primary-color:#ffffff; --button-secondary-color:#8c7156;; --button-icon-primary-color:#ffffff; --button-icon-secondary-color:#8c7156;\" data-bt-override-class=\"{&quot;bt_bb_size_&quot;:{&quot;current_class&quot;:&quot;bt_bb_size_normal&quot;,&quot;xxl&quot;:&quot;normal&quot;,&quot;xl&quot;:&quot;normal&quot;},&quot;bt_bb_align_&quot;:{&quot;current_class&quot;:&quot;bt_bb_align_inherit&quot;,&quot;xxl&quot;:&quot;inherit&quot;,&quot;xl&quot;:&quot;inherit&quot;}}\"><a href=\"#\" target=\"_self\" class=\"bt_bb_link\" title=\"+36 1 920 2040\"><div class=\"bt_bb_icon\"><span  data-ico-fontawesome=\"&#xf095;\" class=\"bt_bb_icon_holder\"><\/span><\/div><div class=\"bt_bb_link\"><span class=\"bt_bb_button_text\">+36 1 920 2040<\/span><\/div><\/a><\/div><div class=\"bt_bb_separator bt_bb_border_style_none bt_bb_bottom_spacing_20\" data-bt-override-class=\"null\"><\/div><div class=\"bt_bb_image bt_bb_shape_square bt_bb_target_self bt_bb_align_inherit bt_bb_hover_style_zoom-in bt_bb_content_display_always bt_bb_content_align_middle\" data-bt-override-class=\"{&quot;bt_bb_align_&quot;:{&quot;current_class&quot;:&quot;bt_bb_align_inherit&quot;,&quot;xxl&quot;:&quot;inherit&quot;,&quot;xl&quot;:&quot;inherit&quot;}}\"><span><img loading=\"lazy\" decoding=\"async\" width=\"80\" height=\"80\" src=\"https:\/\/cathayassociates.hu\/wp-content\/uploads\/2021\/04\/wechat-cathayassociates-.png\" class=\"attachment-medium size-medium\" alt=\"https:\/\/cathayassociates.hu\/wp-content\/uploads\/2021\/04\/wechat-cathayassociates-.png\" data-full_image_src=\"https:\/\/cathayassociates.hu\/wp-content\/uploads\/2021\/04\/wechat-cathayassociates-.png\" title=\"wechat-cathayassociates\" \/><\/span><\/div><div class=\"bt_bb_separator bt_bb_border_style_none bt_bb_bottom_spacing_45\" data-bt-override-class=\"null\"><\/div><div  class=\"bt_bb_text\" ><p><span style=\"color: #8c7156;\">2021\u5e74\u6cd5\u5f8b\u53ca\u5176\u4f19\u4f34\u6cd5\u5f8b\u529e\u516c\u5ba4\u7684\u7248\u6743\u3002<\/span><\/p>\n<\/div><div class=\"bt_bb_separator bt_bb_border_style_none bt_bb_bottom_spacing_medium\" data-bt-override-class=\"null\"><\/div><\/div><\/div><\/div><\/div><\/div><\/div><!-- cell_inner --><\/div><!-- cell --><\/div><!-- port --><\/section>","protected":false},"excerpt":{"rendered":"","protected":false},"author":1,"featured_media":0,"parent":0,"menu_order":0,"comment_status":"closed","ping_status":"closed","template":"","meta":{"footnotes":""},"class_list":["post-4533","page","type-page","status-publish","hentry"],"_links":{"self":[{"href":"https:\/\/cathayassociates.hu\/zh-hans\/wp-json\/wp\/v2\/pages\/4533","targetHints":{"allow":["GET"]}}],"collection":[{"href":"https:\/\/cathayassociates.hu\/zh-hans\/wp-json\/wp\/v2\/pages"}],"about":[{"href":"https:\/\/cathayassociates.hu\/zh-hans\/wp-json\/wp\/v2\/types\/page"}],"author":[{"embeddable":true,"href":"https:\/\/cathayassociates.hu\/zh-hans\/wp-json\/wp\/v2\/users\/1"}],"replies":[{"embeddable":true,"href":"https:\/\/cathayassociates.hu\/zh-hans\/wp-json\/wp\/v2\/comments?post=4533"}],"version-history":[{"count":2,"href":"https:\/\/cathayassociates.hu\/zh-hans\/wp-json\/wp\/v2\/pages\/4533\/revisions"}],"predecessor-version":[{"id":5212,"href":"https:\/\/cathayassociates.hu\/zh-hans\/wp-json\/wp\/v2\/pages\/4533\/revisions\/5212"}],"wp:attachment":[{"href":"https:\/\/cathayassociates.hu\/zh-hans\/wp-json\/wp\/v2\/media?parent=4533"}],"curies":[{"name":"wp","href":"https:\/\/api.w.org\/{rel}","templated":true}]}}