{"id":4520,"date":"2021-03-14T14:42:52","date_gmt":"2021-03-14T14:42:52","guid":{"rendered":"https:\/\/cathayassociates.hu\/%e7%9f%a5%e8%af%86%e4%ba%a7%e6%9d%83\/"},"modified":"2021-04-29T16:47:25","modified_gmt":"2021-04-29T16:47:25","slug":"%e7%9f%a5%e8%af%86%e4%ba%a7%e6%9d%83","status":"publish","type":"page","link":"https:\/\/cathayassociates.hu\/zh-hans\/%e7%9f%a5%e8%af%86%e4%ba%a7%e6%9d%83\/","title":{"rendered":"\u77e5\u8bc6\u4ea7\u6743"},"content":{"rendered":"<section id=\"bt_bb_section69f2a28d0e820\" class=\"bt_bb_section bt_bb_layout_boxed_1200 bt_bb_vertical_align_top bt_bb_top_spacing_large bt_bb_bottom_spacing_large\"  data-bt-override-class=\"null\"><div class=\"bt_bb_background_image_holder_wrapper\"><div class=\"bt_bb_background_image_holder btLazyLoadBackground\"  data-background_image_src=\"https:\/\/cathayassociates.hu\/wp-content\/uploads\/2020\/01\/hero_home_05_background.jpg\" data-parallax-zoom-start=\"1\" data-parallax-zoom-end=\"1\" data-parallax-blur-start=\"0\" data-parallax-blur-end=\"0\" data-parallax-opacity-start=\"1\" data-parallax-opacity-end=\"1\" style=\" background-image: url(&#039;https:\/\/cathayassociates.hu\/wp-content\/plugins\/bold-page-builder\/img\/blank.gif&#039;);\"><\/div><\/div><div class=\"bt_bb_port\"><div class=\"bt_bb_cell\"><div class=\"bt_bb_cell_inner\"><div class=\"bt_bb_row_wrapper\"><div  class=\"bt_bb_row\"  data-bt-override-class=\"{}\"><div  class=\"bt_bb_column col-xl-12 col-xs-12 col-sm-12 col-md-12 col-lg-12 bt_bb_align_left bt_bb_padding_normal\"  data-width=\"12\" data-bt-override-class=\"{}\"><div class=\"bt_bb_column_content bt_bb_vertical_align_top bt_bb_color_scheme_\"><div class=\"bt_bb_column_content_inner\"><\/div><\/div><\/div><\/div><\/div><\/div><!-- cell_inner --><\/div><!-- cell --><\/div><!-- port --><\/section><section id=\"bt_bb_section69f2a28d0eba8\" class=\"bt_bb_section bt_bb_layout_boxed_1200 bt_bb_vertical_align_top bt_bb_top_spacing_large bt_bb_bottom_spacing_large\"  data-bt-override-class=\"null\"><div class=\"bt_bb_port\"><div class=\"bt_bb_cell\"><div class=\"bt_bb_cell_inner\"><div class=\"bt_bb_row_wrapper\"><div  class=\"bt_bb_row\"  data-bt-override-class=\"{}\"><div  class=\"bt_bb_column col-xl-12 col-xs-12 col-sm-12 col-md-12 col-lg-12 bt_bb_align_left bt_bb_padding_normal\"  data-width=\"12\" data-bt-override-class=\"{}\"><div class=\"bt_bb_column_content bt_bb_vertical_align_top bt_bb_color_scheme_\"><div class=\"bt_bb_column_content_inner\"><div  class=\"bt_bb_text\" ><p class=\"p1\"><b>\u77e5\u8bc6\u4ea7\u6743<\/b><\/p>\n<ul class=\"ul1\">\n<li class=\"li1\">\u4ee3\u8868\u7f8e\u56fd\u548c\u6b27\u6d32\u7684\u5236\u836f\u516c\u53f8\u4ee5\u53ca\u7f8e\u56fd\uff0c\u65e5\u672c\u548c\u97e9\u56fd\u7684\u6280\u672f\u516c\u53f8\u5904\u7406\u4e0e\u77e5\u8bc6\u4ea7\u6743\u4fdd\u62a4\uff08\u5546\u6807\uff0c\u4e13\u5229\uff0c\u5916\u89c2\u8bbe\u8ba1\u548c\u5b9e\u7528\u65b0\u578b\u4fdd\u62a4\uff09\u6709\u5173\u7684\u5308\u7259\u5229\u548c\u6b27\u76df\u5b98\u65b9\u8bc9\u8bbc\uff1b<\/li>\n<li class=\"li1\">\u4ee3\u8868\u4e00\u5bb6\u56fd\u5185\u516c\u53f8\u96c6\u56e2\u5904\u7406\u4e0e\u4e13\u5229\u548c\u8bb8\u53ef\u76f8\u5173\u7684\u673a\u68b0\u5de5\u7a0b\uff0c\u673a\u5668\u4eba\u6280\u672f\u548c\u5149\u5b66\u521b\u65b0\uff1b<\/li>\n<li class=\"li1\">\u8d77\u8349\u7248\u6743\u548c\u5546\u6807\u5408\u540c\uff0c\u4e89\u8bae\u89e3\u51b3\uff0c\u6cd5\u9662\u548c\u5b98\u65b9\u4ee3\u7406\uff0c\u4f5c\u4e3a\u56fd\u5185\u5916\u5e7f\u544a\u4ee3\u7406\u673a\u6784\u7684\u6c38\u4e45\u6cd5\u5f8b\u987e\u95ee\uff1b<\/li>\n<li class=\"li1\">\u5b9a\u671f\u4e3a\u5ba2\u6237\u8fdb\u884c\u5546\u6807\u7814\u7a76\u6d3b\u52a8\uff1b<\/li>\n<li class=\"li1\">\u4e3a\u6821\u957f\u63d0\u4f9b\u6709\u5173\u96c6\u4f53\u6743\u5229\u7ba1\u7406\u7684\u6cd5\u5f8b\u89e3\u91ca\u5efa\u8bae\u3002<\/li>\n<\/ul>\n<\/div><\/div><\/div><\/div><\/div><\/div><\/div><!-- cell_inner --><\/div><!-- cell --><\/div><!-- port --><\/section><section id=\"bt_bb_section69f2a28d0f446\" class=\"bt_bb_section bt_bb_color_scheme_1 bt_bb_layout_boxed_1200 bt_bb_vertical_align_top bt_bb_top_spacing_large bt_bb_bottom_spacing_medium\" style=\"; --section-primary-color:#ffffff; --section-secondary-color:#191919;\" data-bt-override-class=\"null\"><div class=\"bt_bb_background_image_holder_wrapper\"><div class=\"bt_bb_background_image_holder btLazyLoadBackground bt_bb_parallax\"  data-background_image_src=\"https:\/\/cathayassociates.hu\/wp-content\/uploads\/2019\/10\/footer_background_04.jpg\" data-parallax=\"0.7\" data-parallax-offset=\"0\" data-parallax-zoom-start=\"1\" data-parallax-zoom-end=\"1\" data-parallax-blur-start=\"0\" data-parallax-blur-end=\"0\" data-parallax-opacity-start=\"1\" data-parallax-opacity-end=\"1\" style=\" background-image: url(&#039;https:\/\/cathayassociates.hu\/wp-content\/plugins\/bold-page-builder\/img\/blank.gif&#039;);\"><\/div><\/div><div class=\"bt_bb_port\"><div class=\"bt_bb_cell\"><div class=\"bt_bb_cell_inner\"><div class=\"bt_bb_row_wrapper\"><div  class=\"bt_bb_row\"  data-bt-override-class=\"{}\"><div  class=\"bt_bb_column col-xl-4 col-xs-12 col-sm-12 col-md-12 col-lg-4 bt_bb_align_left bt_bb_padding_normal bt_bb_animation_fade_in bt_bb_animation_move_up animate\"  data-width=\"4\" data-bt-override-class=\"{}\"><div class=\"bt_bb_column_content bt_bb_vertical_align_bottom bt_bb_color_scheme_\"><div class=\"bt_bb_column_content_inner\"><div class=\"bt_bb_image bt_bb_shape_square bt_bb_target_self bt_bb_align_inherit bt_bb_hover_style_simple bt_bb_content_display_always bt_bb_content_align_middle\" data-bt-override-class=\"{&quot;bt_bb_align_&quot;:{&quot;current_class&quot;:&quot;bt_bb_align_inherit&quot;,&quot;xxl&quot;:&quot;inherit&quot;,&quot;xl&quot;:&quot;inherit&quot;}}\"><span><img loading=\"lazy\" decoding=\"async\" width=\"320\" height=\"101\" src=\"https:\/\/cathayassociates.hu\/wp-content\/uploads\/2021\/03\/Varnai_logo_gold-320x101.png\" class=\"attachment-boldthemes_small size-boldthemes_small\" alt=\"https:\/\/cathayassociates.hu\/wp-content\/uploads\/2021\/03\/Varnai_logo_gold-320x101.png\" data-full_image_src=\"https:\/\/cathayassociates.hu\/wp-content\/uploads\/2021\/03\/Varnai_logo_gold.png\" title=\"Varnai_logo_gold\" srcset=\"https:\/\/cathayassociates.hu\/wp-content\/uploads\/2021\/03\/Varnai_logo_gold-320x101.png 320w, https:\/\/cathayassociates.hu\/wp-content\/uploads\/2021\/03\/Varnai_logo_gold-640x203.png 640w, https:\/\/cathayassociates.hu\/wp-content\/uploads\/2021\/03\/Varnai_logo_gold-768x243.png 768w, https:\/\/cathayassociates.hu\/wp-content\/uploads\/2021\/03\/Varnai_logo_gold.png 831w\" sizes=\"auto, (max-width: 320px) 100vw, 320px\" \/><\/span><\/div><div class=\"bt_bb_separator bt_bb_border_style_none bt_bb_bottom_spacing_50\" data-bt-override-class=\"null\"><\/div><div class=\"bt_bb_icon bt_bb_color_scheme_4 bt_bb_style_borderless bt_bb_size_xsmall bt_bb_shape_circle bt_bb_target_self bt_bb_align_inherit bt_bb_text_align_top\" style=\"; --primary-color:#8c7156; --secondary-color:#ffffff;\" data-bt-override-class=\"{&quot;bt_bb_size_&quot;:{&quot;current_class&quot;:&quot;bt_bb_size_xsmall&quot;,&quot;xxl&quot;:&quot;xsmall&quot;,&quot;xl&quot;:&quot;xsmall&quot;},&quot;bt_bb_align_&quot;:{&quot;current_class&quot;:&quot;bt_bb_align_inherit&quot;,&quot;xxl&quot;:&quot;inherit&quot;,&quot;xl&quot;:&quot;inherit&quot;}}\"><span  data-ico-fontawesome=\"&#xf015;\" class=\"bt_bb_icon_holder\"><span>1026 Budapest, Pasar\u00e9ti \u00fat 25. A. \u00e9p. II\/1.<\/span><\/span><\/div><div class=\"bt_bb_separator bt_bb_border_style_none bt_bb_bottom_spacing_small\" data-bt-override-class=\"null\"><\/div><div class=\"bt_bb_icon bt_bb_color_scheme_4 bt_bb_style_borderless bt_bb_size_xsmall bt_bb_shape_circle bt_bb_target_self bt_bb_align_inherit bt_bb_text_align_top\" style=\"; --primary-color:#8c7156; --secondary-color:#ffffff;\" data-bt-override-class=\"{&quot;bt_bb_size_&quot;:{&quot;current_class&quot;:&quot;bt_bb_size_xsmall&quot;,&quot;xxl&quot;:&quot;xsmall&quot;,&quot;xl&quot;:&quot;xsmall&quot;},&quot;bt_bb_align_&quot;:{&quot;current_class&quot;:&quot;bt_bb_align_inherit&quot;,&quot;xxl&quot;:&quot;inherit&quot;,&quot;xl&quot;:&quot;inherit&quot;}}\"><span  data-ico-fontawesome=\"&#xf095;\" class=\"bt_bb_icon_holder\"><span>+36 1 920 2040<\/span><\/span><\/div><div class=\"bt_bb_separator bt_bb_border_style_none bt_bb_bottom_spacing_small\" data-bt-override-class=\"null\"><\/div><div class=\"bt_bb_icon bt_bb_color_scheme_4 bt_bb_style_borderless bt_bb_size_xsmall bt_bb_shape_circle bt_bb_target_self bt_bb_align_inherit bt_bb_text_align_top\" style=\"; --primary-color:#8c7156; --secondary-color:#ffffff;\" data-bt-override-class=\"{&quot;bt_bb_size_&quot;:{&quot;current_class&quot;:&quot;bt_bb_size_xsmall&quot;,&quot;xxl&quot;:&quot;xsmall&quot;,&quot;xl&quot;:&quot;xsmall&quot;},&quot;bt_bb_align_&quot;:{&quot;current_class&quot;:&quot;bt_bb_align_inherit&quot;,&quot;xxl&quot;:&quot;inherit&quot;,&quot;xl&quot;:&quot;inherit&quot;}}\"><span  data-ico-fontawesome=\"&#xf0e0;\" class=\"bt_bb_icon_holder\"><span>office@cathayassociates.hu<\/span><\/span><\/div><div class=\"bt_bb_separator bt_bb_border_style_none bt_bb_bottom_spacing_normal\" data-bt-override-class=\"null\"><\/div><div  class=\"bt_bb_text\" ><p>\u8ddf\u7740\u6211\u4eec\uff1a<\/p>\n<\/div><div class=\"bt_bb_separator bt_bb_border_style_none bt_bb_bottom_spacing_extra_small\" data-bt-override-class=\"null\"><\/div><div class=\"bt_bb_icon bt_bb_color_scheme_6 bt_bb_style_filled bt_bb_size_small bt_bb_shape_square bt_bb_target_blank bt_bb_text_empty bt_bb_align_inherit\" style=\"; --primary-color:#ffffff; --secondary-color:#8c7156;\" data-bt-override-class=\"{&quot;bt_bb_size_&quot;:{&quot;current_class&quot;:&quot;bt_bb_size_small&quot;,&quot;xxl&quot;:&quot;small&quot;,&quot;xl&quot;:&quot;small&quot;},&quot;bt_bb_align_&quot;:{&quot;current_class&quot;:&quot;bt_bb_align_inherit&quot;,&quot;xxl&quot;:&quot;inherit&quot;,&quot;xl&quot;:&quot;inherit&quot;}}\"><a href=\"https:\/\/www.facebook.com\/V%C3%A1rnai-%C3%A9s-T%C3%A1rsa-%C3%9Cgyv%C3%A9di-Iroda-420887442082691\"  target=\"_blank\"   data-ico-fontawesome=\"&#xf09a;\" class=\"bt_bb_icon_holder\"><\/a><\/div><div class=\"bt_bb_icon bt_bb_color_scheme_6 bt_bb_style_filled bt_bb_size_small bt_bb_shape_square bt_bb_target_blank bt_bb_text_empty bt_bb_align_inherit\" style=\"; --primary-color:#ffffff; --secondary-color:#8c7156;\" data-bt-override-class=\"{&quot;bt_bb_size_&quot;:{&quot;current_class&quot;:&quot;bt_bb_size_small&quot;,&quot;xxl&quot;:&quot;small&quot;,&quot;xl&quot;:&quot;small&quot;},&quot;bt_bb_align_&quot;:{&quot;current_class&quot;:&quot;bt_bb_align_inherit&quot;,&quot;xxl&quot;:&quot;inherit&quot;,&quot;xl&quot;:&quot;inherit&quot;}}\"><a href=\"https:\/\/www.linkedin.com\/company\/cathay-associates\"  target=\"_blank\"   data-ico-fontawesome=\"&#xf0e1;\" class=\"bt_bb_icon_holder\"><\/a><\/div><div class=\"bt_bb_separator bt_bb_border_style_none bt_bb_bottom_spacing_medium\" data-bt-override-class=\"null\"><\/div><\/div><\/div><\/div><div  class=\"bt_bb_column col-xl-4 col-xs-12 col-sm-12 col-md-12 col-lg-4 bt_bb_align_left bt_bb_padding_normal bt_bb_animation_fade_in bt_bb_animation_move_up animate\"  data-width=\"4\" data-bt-override-class=\"{}\"><div class=\"bt_bb_column_content bt_bb_vertical_align_bottom bt_bb_color_scheme_\"><div class=\"bt_bb_column_content_inner\"><header class=\"bt_bb_headline bt_bb_dash_none bt_bb_superheadline bt_bb_size_small bt_bb_align_inherit bt_bb_supertitle_font_weight_semi-bold btNoHeadline\" data-bt-override-class=\"{&quot;bt_bb_align_&quot;:{&quot;current_class&quot;:&quot;bt_bb_align_inherit&quot;,&quot;xxl&quot;:&quot;inherit&quot;,&quot;xl&quot;:&quot;inherit&quot;}}\"><h4 class=\"bt_bb_headline_tag\"><span class=\"bt_bb_headline_superheadline\">\u94fe\u63a5<\/span><\/h4><\/header><div class=\"bt_bb_separator bt_bb_border_style_none bt_bb_bottom_spacing_normal bt_bb_hidden_xs bt_bb_hidden_ms bt_bb_hidden_sm\" data-bt-override-class=\"null\"><\/div><div class=\"bt_bb_separator bt_bb_border_style_none bt_bb_bottom_spacing_normal\" data-bt-override-class=\"null\"><\/div><div class=\"bt_bb_custom_menu bt_bb_direction_vertical\"><div class=\"menu-footer-kinai-container\"><ul id=\"menu-footer-kinai\" class=\"menu\"><li id=\"menu-item-5040\" class=\"menu-item menu-item-type-custom menu-item-object-custom menu-item-5040\"><a target=\"_blank\" href=\"https:\/\/cathay.global\">Cathay Global<\/a><\/li>\n<li id=\"menu-item-5041\" class=\"menu-item menu-item-type-custom menu-item-object-custom menu-item-5041\"><a target=\"_blank\" href=\"https:\/\/njt.hu\">\u56fd\u5bb6\u7acb\u6cd5<\/a><\/li>\n<li id=\"menu-item-5042\" class=\"menu-item menu-item-type-custom menu-item-object-custom menu-item-5042\"><a target=\"_blank\" href=\"https:\/\/www.e-cegjegyzek.hu\">\u516c\u53f8\u4fe1\u606f\u670d\u52a1<\/a><\/li>\n<li id=\"menu-item-5043\" class=\"menu-item menu-item-type-custom menu-item-object-custom menu-item-5043\"><a target=\"_blank\" href=\"https:\/\/www.kamatkalkulator.hu\/kesedelmi-adatbevitel\">\u5229\u606f\u8ba1\u7b97\u5668<\/a><\/li>\n<li id=\"menu-item-5044\" class=\"menu-item menu-item-type-custom menu-item-object-custom menu-item-5044\"><a target=\"_blank\" href=\"https:\/\/www.hatarido-szamitas.hu\/hatarido-szamitas\">\u622a\u6b62\u65e5\u671f\u8ba1\u7b97<\/a><\/li>\n<\/ul><\/div><\/div><div class=\"bt_bb_separator bt_bb_border_style_none bt_bb_bottom_spacing_medium\" data-bt-override-class=\"null\"><\/div><\/div><\/div><\/div><div  class=\"bt_bb_column col-xl-4 col-xs-12 col-sm-12 col-md-12 col-lg-4 bt_bb_align_left bt_bb_padding_normal bt_bb_animation_fade_in bt_bb_animation_move_up animate\"  data-width=\"4\" data-bt-override-class=\"{}\"><div class=\"bt_bb_column_content bt_bb_vertical_align_bottom bt_bb_color_scheme_\"><div class=\"bt_bb_column_content_inner\"><header class=\"bt_bb_headline bt_bb_dash_none bt_bb_superheadline bt_bb_size_small bt_bb_align_inherit bt_bb_supertitle_font_weight_semi-bold btNoHeadline\" data-bt-override-class=\"{&quot;bt_bb_align_&quot;:{&quot;current_class&quot;:&quot;bt_bb_align_inherit&quot;,&quot;xxl&quot;:&quot;inherit&quot;,&quot;xl&quot;:&quot;inherit&quot;}}\"><h4 class=\"bt_bb_headline_tag\"><span class=\"bt_bb_headline_superheadline\">\u54a8\u8be2\u670d\u52a1<\/span><\/h4><\/header><div class=\"bt_bb_separator bt_bb_border_style_none bt_bb_bottom_spacing_normal bt_bb_hidden_xs bt_bb_hidden_ms bt_bb_hidden_sm\" data-bt-override-class=\"null\"><\/div><div class=\"bt_bb_separator bt_bb_border_style_none bt_bb_bottom_spacing_normal\" data-bt-override-class=\"null\"><\/div><div class=\"bt_bb_button bt_bb_color_scheme_6 bt_bb_icon_color_scheme_6 bt_bb_style_outline bt_bb_size_normal bt_bb_width_inline bt_bb_shape_square bt_bb_align_inherit btWithIcon\" style=\"; --button-primary-color:#ffffff; --button-secondary-color:#8c7156;; --button-icon-primary-color:#ffffff; --button-icon-secondary-color:#8c7156;\" data-bt-override-class=\"{&quot;bt_bb_size_&quot;:{&quot;current_class&quot;:&quot;bt_bb_size_normal&quot;,&quot;xxl&quot;:&quot;normal&quot;,&quot;xl&quot;:&quot;normal&quot;},&quot;bt_bb_align_&quot;:{&quot;current_class&quot;:&quot;bt_bb_align_inherit&quot;,&quot;xxl&quot;:&quot;inherit&quot;,&quot;xl&quot;:&quot;inherit&quot;}}\"><a href=\"#\" target=\"_self\" class=\"bt_bb_link\" title=\"+36 1 920 2040\"><div class=\"bt_bb_icon\"><span  data-ico-fontawesome=\"&#xf095;\" class=\"bt_bb_icon_holder\"><\/span><\/div><div class=\"bt_bb_link\"><span class=\"bt_bb_button_text\">+36 1 920 2040<\/span><\/div><\/a><\/div><div class=\"bt_bb_separator bt_bb_border_style_none bt_bb_bottom_spacing_20\" data-bt-override-class=\"null\"><\/div><div class=\"bt_bb_image bt_bb_shape_square bt_bb_target_self bt_bb_align_inherit bt_bb_hover_style_zoom-in bt_bb_content_display_always bt_bb_content_align_middle\" data-bt-override-class=\"{&quot;bt_bb_align_&quot;:{&quot;current_class&quot;:&quot;bt_bb_align_inherit&quot;,&quot;xxl&quot;:&quot;inherit&quot;,&quot;xl&quot;:&quot;inherit&quot;}}\"><span><img loading=\"lazy\" decoding=\"async\" width=\"80\" height=\"80\" src=\"https:\/\/cathayassociates.hu\/wp-content\/uploads\/2021\/04\/wechat-cathayassociates-.png\" class=\"attachment-medium size-medium\" alt=\"https:\/\/cathayassociates.hu\/wp-content\/uploads\/2021\/04\/wechat-cathayassociates-.png\" data-full_image_src=\"https:\/\/cathayassociates.hu\/wp-content\/uploads\/2021\/04\/wechat-cathayassociates-.png\" title=\"wechat-cathayassociates\" \/><\/span><\/div><div class=\"bt_bb_separator bt_bb_border_style_none bt_bb_bottom_spacing_45\" data-bt-override-class=\"null\"><\/div><div  class=\"bt_bb_text\" ><p><span style=\"color: #8c7156;\">2021\u5e74\u6cd5\u5f8b\u53ca\u5176\u4f19\u4f34\u6cd5\u5f8b\u529e\u516c\u5ba4\u7684\u7248\u6743\u3002<\/span><\/p>\n<\/div><div class=\"bt_bb_separator bt_bb_border_style_none bt_bb_bottom_spacing_medium\" data-bt-override-class=\"null\"><\/div><\/div><\/div><\/div><\/div><\/div><\/div><!-- cell_inner --><\/div><!-- cell --><\/div><!-- port --><\/section>","protected":false},"excerpt":{"rendered":"","protected":false},"author":1,"featured_media":0,"parent":0,"menu_order":0,"comment_status":"closed","ping_status":"closed","template":"","meta":{"footnotes":""},"class_list":["post-4520","page","type-page","status-publish","hentry"],"_links":{"self":[{"href":"https:\/\/cathayassociates.hu\/zh-hans\/wp-json\/wp\/v2\/pages\/4520","targetHints":{"allow":["GET"]}}],"collection":[{"href":"https:\/\/cathayassociates.hu\/zh-hans\/wp-json\/wp\/v2\/pages"}],"about":[{"href":"https:\/\/cathayassociates.hu\/zh-hans\/wp-json\/wp\/v2\/types\/page"}],"author":[{"embeddable":true,"href":"https:\/\/cathayassociates.hu\/zh-hans\/wp-json\/wp\/v2\/users\/1"}],"replies":[{"embeddable":true,"href":"https:\/\/cathayassociates.hu\/zh-hans\/wp-json\/wp\/v2\/comments?post=4520"}],"version-history":[{"count":3,"href":"https:\/\/cathayassociates.hu\/zh-hans\/wp-json\/wp\/v2\/pages\/4520\/revisions"}],"predecessor-version":[{"id":5210,"href":"https:\/\/cathayassociates.hu\/zh-hans\/wp-json\/wp\/v2\/pages\/4520\/revisions\/5210"}],"wp:attachment":[{"href":"https:\/\/cathayassociates.hu\/zh-hans\/wp-json\/wp\/v2\/media?parent=4520"}],"curies":[{"name":"wp","href":"https:\/\/api.w.org\/{rel}","templated":true}]}}