{"id":5131,"date":"2021-04-29T15:22:46","date_gmt":"2021-04-29T15:22:46","guid":{"rendered":"https:\/\/cathayassociates.hu\/datenschutz\/"},"modified":"2021-04-29T15:36:23","modified_gmt":"2021-04-29T15:36:23","slug":"datenschutz","status":"publish","type":"page","link":"https:\/\/cathayassociates.hu\/de\/datenschutz\/","title":{"rendered":"Datenschutz"},"content":{"rendered":"<section id=\"bt_bb_section69f1af3b3cac9\" class=\"bt_bb_section bt_bb_layout_boxed_1200 bt_bb_vertical_align_top bt_bb_top_spacing_large bt_bb_bottom_spacing_large\"  data-bt-override-class=\"null\"><div class=\"bt_bb_background_image_holder_wrapper\"><div class=\"bt_bb_background_image_holder btLazyLoadBackground\"  data-background_image_src=\"https:\/\/cathayassociates.hu\/wp-content\/uploads\/2020\/01\/hero_home_05_background.jpg\" data-parallax-zoom-start=\"1\" data-parallax-zoom-end=\"1\" data-parallax-blur-start=\"0\" data-parallax-blur-end=\"0\" data-parallax-opacity-start=\"1\" data-parallax-opacity-end=\"1\" style=\" background-image: url(&#039;https:\/\/cathayassociates.hu\/wp-content\/plugins\/bold-page-builder\/img\/blank.gif&#039;);\"><\/div><\/div><div class=\"bt_bb_port\"><div class=\"bt_bb_cell\"><div class=\"bt_bb_cell_inner\"><div class=\"bt_bb_row_wrapper\"><div  class=\"bt_bb_row\"  data-bt-override-class=\"{}\"><div  class=\"bt_bb_column col-xl-12 col-xs-12 col-sm-12 col-md-12 col-lg-12 bt_bb_align_left bt_bb_padding_normal\"  data-width=\"12\" data-bt-override-class=\"{}\"><div class=\"bt_bb_column_content bt_bb_vertical_align_top bt_bb_color_scheme_\"><div class=\"bt_bb_column_content_inner\"><\/div><\/div><\/div><\/div><\/div><\/div><!-- cell_inner --><\/div><!-- cell --><\/div><!-- port --><\/section><section id=\"bt_bb_section69f1af3b3cf5f\" class=\"bt_bb_section bt_bb_layout_boxed_1200 bt_bb_vertical_align_top bt_bb_top_spacing_large bt_bb_bottom_spacing_large\"  data-bt-override-class=\"null\"><div class=\"bt_bb_port\"><div class=\"bt_bb_cell\"><div class=\"bt_bb_cell_inner\"><div class=\"bt_bb_row_wrapper\"><div  class=\"bt_bb_row\"  data-bt-override-class=\"{}\"><div  class=\"bt_bb_column col-xl-12 col-xs-12 col-sm-12 col-md-12 col-lg-12 bt_bb_align_left bt_bb_padding_normal\"  data-width=\"12\" data-bt-override-class=\"{}\"><div class=\"bt_bb_column_content bt_bb_vertical_align_top bt_bb_color_scheme_\"><div class=\"bt_bb_column_content_inner\"><div  class=\"bt_bb_text\" ><p><strong>Datenschutz<\/strong><\/p>\n<p>Unsere Referenzen (wir beteiligen uns an der Umsetzung der DSGVO in Bezug auf alle unsere Kunden):<\/p>\n<p>\u2022 Umfassende Datenschutzberatung, Datenverlust, E-Mail-Outsourcing an eine Cloud-basierte Serviceplattform, Management von Datenschutzvorf\u00e4llen und Vertrags\u00fcberpr\u00fcfung f\u00fcr ein multinationales Unternehmen, das in der Telekommunikationsbranche t\u00e4tig ist<br \/>\n\u2022 Kontinuierliche Datenschutzberatung f\u00fcr einen der wichtigsten Akteure in ausl\u00e4ndischem Besitz auf dem ungarischen Bankenmarkt und seinen Tochtergesellschaften auf dem Investment- und Immobilienmarkt, \u00dcberpr\u00fcfung des Datenschutzes seines Vertragsportfolios, Vertretung in Verfahren vor einer Beh\u00f6rde (Nationaler Datenschutz und Informationsfreiheit) Beh\u00f6rde), Erstellung von Dokumenten (Einverst\u00e4ndniserkl\u00e4rungen, Datenschutzbestimmungen), Beratung in Fragen des Direktmarketings und Erstellung von Dokumenten im Zusammenhang mit der DM-Kampagne (Verbrauchererkl\u00e4rungen, DM-Schreiben)<br \/>\n\u2022 F\u00fcr die Marktforschung im Gesundheitswesen und ein medizinisch-professionelles Datenbankunternehmen umfassende Beratung zu Datenschutzfragen &#8211; insbesondere im Zusammenhang mit der Verwaltung von Gesundheitsdaten &#8211; Erstellung von Dokumenten (Einverst\u00e4ndniserkl\u00e4rungen, Datenschutzbestimmungen) in ungarischer und englischer Sprache, Vertretung bei der NAIH-Registrierung , Beratung zu Direktmarketingfragen sowie zu Offline- und EDM-Kampagnen-bezogenen Dokumenten (Verbrauchererkl\u00e4rungen, DM-Brief, Gewinnspielregeln)<br \/>\n\u2022 Vollst\u00e4ndige datenschutzrechtliche Vertretung von Unternehmen, die mit gro\u00dfen Mengen personenbezogener Daten (Direktmarketing und PR, Crowdfunding, Fintech, Online-Bildung, Gesundheitswesen) in offiziellen und gerichtlichen Verfahren umgehen und Datenschutzberatung anbieten<br \/>\n\u2022 Die Zuordnung der gesamten von multinationalen Unternehmen verwalteten Datendatei, Datenschutz\u00fcberpr\u00fcfungen und Vorschl\u00e4ge zur Implementierung von Prozessen zur Verhinderung von Datenschutzverletzungen<br \/>\n\u2022 Rechtsberatung f\u00fcr Unternehmen aus den Bereichen Finanzen, FMCG und Gesundheitswesen bei der Datenerfassung mithilfe von Social-Media-Plattformen und der Organisation von Gewinnspielen<\/p>\n<\/div><\/div><\/div><\/div><\/div><\/div><\/div><!-- cell_inner --><\/div><!-- cell --><\/div><!-- port --><\/section><section id=\"bt_bb_section69f1af3b3dd8c\" class=\"bt_bb_section bt_bb_color_scheme_1 bt_bb_layout_boxed_1200 bt_bb_vertical_align_top bt_bb_top_spacing_large bt_bb_bottom_spacing_medium\" style=\"; --section-primary-color:#ffffff; --section-secondary-color:#191919;\" data-bt-override-class=\"null\"><div class=\"bt_bb_background_image_holder_wrapper\"><div class=\"bt_bb_background_image_holder btLazyLoadBackground bt_bb_parallax\"  data-background_image_src=\"https:\/\/cathayassociates.hu\/wp-content\/uploads\/2019\/10\/footer_background_04.jpg\" data-parallax=\"0.7\" data-parallax-offset=\"0\" data-parallax-zoom-start=\"1\" data-parallax-zoom-end=\"1\" data-parallax-blur-start=\"0\" data-parallax-blur-end=\"0\" data-parallax-opacity-start=\"1\" data-parallax-opacity-end=\"1\" style=\" background-image: url(&#039;https:\/\/cathayassociates.hu\/wp-content\/plugins\/bold-page-builder\/img\/blank.gif&#039;);\"><\/div><\/div><div class=\"bt_bb_port\"><div class=\"bt_bb_cell\"><div class=\"bt_bb_cell_inner\"><div class=\"bt_bb_row_wrapper\"><div  class=\"bt_bb_row\"  data-bt-override-class=\"{}\"><div  class=\"bt_bb_column col-xl-4 col-xs-12 col-sm-12 col-md-12 col-lg-4 bt_bb_align_left bt_bb_padding_normal bt_bb_animation_fade_in bt_bb_animation_move_up animate\"  data-width=\"4\" data-bt-override-class=\"{}\"><div class=\"bt_bb_column_content bt_bb_vertical_align_bottom bt_bb_color_scheme_\"><div class=\"bt_bb_column_content_inner\"><div class=\"bt_bb_image bt_bb_shape_square bt_bb_target_self bt_bb_align_inherit bt_bb_hover_style_simple bt_bb_content_display_always bt_bb_content_align_middle\" data-bt-override-class=\"{&quot;bt_bb_align_&quot;:{&quot;current_class&quot;:&quot;bt_bb_align_inherit&quot;,&quot;xxl&quot;:&quot;inherit&quot;,&quot;xl&quot;:&quot;inherit&quot;}}\"><span><img loading=\"lazy\" decoding=\"async\" width=\"320\" height=\"101\" src=\"https:\/\/cathayassociates.hu\/wp-content\/uploads\/2021\/03\/Varnai_logo_gold-320x101.png\" class=\"attachment-boldthemes_small size-boldthemes_small\" alt=\"https:\/\/cathayassociates.hu\/wp-content\/uploads\/2021\/03\/Varnai_logo_gold-320x101.png\" data-full_image_src=\"https:\/\/cathayassociates.hu\/wp-content\/uploads\/2021\/03\/Varnai_logo_gold.png\" title=\"Varnai_logo_gold\" srcset=\"https:\/\/cathayassociates.hu\/wp-content\/uploads\/2021\/03\/Varnai_logo_gold-320x101.png 320w, https:\/\/cathayassociates.hu\/wp-content\/uploads\/2021\/03\/Varnai_logo_gold-640x203.png 640w, https:\/\/cathayassociates.hu\/wp-content\/uploads\/2021\/03\/Varnai_logo_gold-768x243.png 768w, https:\/\/cathayassociates.hu\/wp-content\/uploads\/2021\/03\/Varnai_logo_gold.png 831w\" sizes=\"auto, (max-width: 320px) 100vw, 320px\" \/><\/span><\/div><div class=\"bt_bb_separator bt_bb_border_style_none bt_bb_bottom_spacing_50\" data-bt-override-class=\"null\"><\/div><div class=\"bt_bb_icon bt_bb_color_scheme_4 bt_bb_style_borderless bt_bb_size_xsmall bt_bb_shape_circle bt_bb_target_self bt_bb_align_inherit bt_bb_text_align_top\" style=\"; --primary-color:#8c7156; --secondary-color:#ffffff;\" data-bt-override-class=\"{&quot;bt_bb_size_&quot;:{&quot;current_class&quot;:&quot;bt_bb_size_xsmall&quot;,&quot;xxl&quot;:&quot;xsmall&quot;,&quot;xl&quot;:&quot;xsmall&quot;},&quot;bt_bb_align_&quot;:{&quot;current_class&quot;:&quot;bt_bb_align_inherit&quot;,&quot;xxl&quot;:&quot;inherit&quot;,&quot;xl&quot;:&quot;inherit&quot;}}\"><span  data-ico-fontawesome=\"&#xf015;\" class=\"bt_bb_icon_holder\"><span>1026 Budapest, Pasar\u00e9ti \u00fat 25. A. \u00e9p. II\/1.<\/span><\/span><\/div><div class=\"bt_bb_separator bt_bb_border_style_none bt_bb_bottom_spacing_small\" data-bt-override-class=\"null\"><\/div><div class=\"bt_bb_icon bt_bb_color_scheme_4 bt_bb_style_borderless bt_bb_size_xsmall bt_bb_shape_circle bt_bb_target_self bt_bb_align_inherit bt_bb_text_align_top\" style=\"; --primary-color:#8c7156; --secondary-color:#ffffff;\" data-bt-override-class=\"{&quot;bt_bb_size_&quot;:{&quot;current_class&quot;:&quot;bt_bb_size_xsmall&quot;,&quot;xxl&quot;:&quot;xsmall&quot;,&quot;xl&quot;:&quot;xsmall&quot;},&quot;bt_bb_align_&quot;:{&quot;current_class&quot;:&quot;bt_bb_align_inherit&quot;,&quot;xxl&quot;:&quot;inherit&quot;,&quot;xl&quot;:&quot;inherit&quot;}}\"><span  data-ico-fontawesome=\"&#xf095;\" class=\"bt_bb_icon_holder\"><span>+36 1 920 2040<\/span><\/span><\/div><div class=\"bt_bb_separator bt_bb_border_style_none bt_bb_bottom_spacing_small\" data-bt-override-class=\"null\"><\/div><div class=\"bt_bb_icon bt_bb_color_scheme_4 bt_bb_style_borderless bt_bb_size_xsmall bt_bb_shape_circle bt_bb_target_self bt_bb_align_inherit bt_bb_text_align_top\" style=\"; --primary-color:#8c7156; --secondary-color:#ffffff;\" data-bt-override-class=\"{&quot;bt_bb_size_&quot;:{&quot;current_class&quot;:&quot;bt_bb_size_xsmall&quot;,&quot;xxl&quot;:&quot;xsmall&quot;,&quot;xl&quot;:&quot;xsmall&quot;},&quot;bt_bb_align_&quot;:{&quot;current_class&quot;:&quot;bt_bb_align_inherit&quot;,&quot;xxl&quot;:&quot;inherit&quot;,&quot;xl&quot;:&quot;inherit&quot;}}\"><span  data-ico-fontawesome=\"&#xf0e0;\" class=\"bt_bb_icon_holder\"><span>office@cathayassociates.hu<\/span><\/span><\/div><div class=\"bt_bb_separator bt_bb_border_style_none bt_bb_bottom_spacing_normal\" data-bt-override-class=\"null\"><\/div><div  class=\"bt_bb_text\" ><p>Folge uns:<\/p>\n<\/div><div class=\"bt_bb_separator bt_bb_border_style_none bt_bb_bottom_spacing_extra_small\" data-bt-override-class=\"null\"><\/div><div class=\"bt_bb_icon bt_bb_color_scheme_6 bt_bb_style_filled bt_bb_size_small bt_bb_shape_square bt_bb_target_blank bt_bb_text_empty bt_bb_align_inherit\" style=\"; --primary-color:#ffffff; --secondary-color:#8c7156;\" data-bt-override-class=\"{&quot;bt_bb_size_&quot;:{&quot;current_class&quot;:&quot;bt_bb_size_small&quot;,&quot;xxl&quot;:&quot;small&quot;,&quot;xl&quot;:&quot;small&quot;},&quot;bt_bb_align_&quot;:{&quot;current_class&quot;:&quot;bt_bb_align_inherit&quot;,&quot;xxl&quot;:&quot;inherit&quot;,&quot;xl&quot;:&quot;inherit&quot;}}\"><a href=\"https:\/\/www.facebook.com\/V%C3%A1rnai-%C3%A9s-T%C3%A1rsa-%C3%9Cgyv%C3%A9di-Iroda-420887442082691\"  target=\"_blank\"   data-ico-fontawesome=\"&#xf09a;\" class=\"bt_bb_icon_holder\"><\/a><\/div><div class=\"bt_bb_icon bt_bb_color_scheme_6 bt_bb_style_filled bt_bb_size_small bt_bb_shape_square bt_bb_target_blank bt_bb_text_empty bt_bb_align_inherit\" style=\"; --primary-color:#ffffff; --secondary-color:#8c7156;\" data-bt-override-class=\"{&quot;bt_bb_size_&quot;:{&quot;current_class&quot;:&quot;bt_bb_size_small&quot;,&quot;xxl&quot;:&quot;small&quot;,&quot;xl&quot;:&quot;small&quot;},&quot;bt_bb_align_&quot;:{&quot;current_class&quot;:&quot;bt_bb_align_inherit&quot;,&quot;xxl&quot;:&quot;inherit&quot;,&quot;xl&quot;:&quot;inherit&quot;}}\"><a href=\"https:\/\/www.linkedin.com\/company\/cathay-associates\/\"  target=\"_blank\"   data-ico-fontawesome=\"&#xf0e1;\" class=\"bt_bb_icon_holder\"><\/a><\/div><div class=\"bt_bb_separator bt_bb_border_style_none bt_bb_bottom_spacing_medium\" data-bt-override-class=\"null\"><\/div><\/div><\/div><\/div><div  class=\"bt_bb_column col-xl-4 col-xs-12 col-sm-12 col-md-12 col-lg-4 bt_bb_align_left bt_bb_padding_normal bt_bb_animation_fade_in bt_bb_animation_move_up animate\"  data-width=\"4\" data-bt-override-class=\"{}\"><div class=\"bt_bb_column_content bt_bb_vertical_align_bottom bt_bb_color_scheme_\"><div class=\"bt_bb_column_content_inner\"><header class=\"bt_bb_headline bt_bb_dash_none bt_bb_superheadline bt_bb_size_small bt_bb_align_inherit bt_bb_supertitle_font_weight_semi-bold btNoHeadline\" data-bt-override-class=\"{&quot;bt_bb_align_&quot;:{&quot;current_class&quot;:&quot;bt_bb_align_inherit&quot;,&quot;xxl&quot;:&quot;inherit&quot;,&quot;xl&quot;:&quot;inherit&quot;}}\"><h4 class=\"bt_bb_headline_tag\"><span class=\"bt_bb_headline_superheadline\">N\u00dcTZLICHE WEBSEITEN<\/span><\/h4><\/header><div class=\"bt_bb_separator bt_bb_border_style_none bt_bb_bottom_spacing_normal bt_bb_hidden_xs bt_bb_hidden_ms bt_bb_hidden_sm\" data-bt-override-class=\"null\"><\/div><div class=\"bt_bb_separator bt_bb_border_style_none bt_bb_bottom_spacing_normal\" data-bt-override-class=\"null\"><\/div><div class=\"bt_bb_custom_menu bt_bb_direction_vertical\"><div class=\"menu-nemet-footer-container\"><ul id=\"menu-nemet-footer\" class=\"menu\"><li id=\"menu-item-5035\" class=\"menu-item menu-item-type-custom menu-item-object-custom menu-item-5035\"><a target=\"_blank\" href=\"https:\/\/cathay.global\">Cathay Global<\/a><\/li>\n<li id=\"menu-item-5036\" class=\"menu-item menu-item-type-custom menu-item-object-custom menu-item-5036\"><a target=\"_blank\" href=\"https:\/\/njt.hu\">Nationale Gesetzgebung<\/a><\/li>\n<li id=\"menu-item-5037\" class=\"menu-item menu-item-type-custom menu-item-object-custom menu-item-5037\"><a target=\"_blank\" href=\"https:\/\/www.e-cegjegyzek.hu\">Unternehmensinformationsdienst<\/a><\/li>\n<li id=\"menu-item-5038\" class=\"menu-item menu-item-type-custom menu-item-object-custom menu-item-5038\"><a target=\"_blank\" href=\"https:\/\/www.kamatkalkulator.hu\/kesedelmi-adatbevitel\">Zinsrechner<\/a><\/li>\n<li id=\"menu-item-5039\" class=\"menu-item menu-item-type-custom menu-item-object-custom menu-item-5039\"><a target=\"_blank\" href=\"https:\/\/www.hatarido-szamitas.hu\/hatarido-szamitas\">Fristberechnung<\/a><\/li>\n<\/ul><\/div><\/div><div class=\"bt_bb_separator bt_bb_border_style_none bt_bb_bottom_spacing_medium\" data-bt-override-class=\"null\"><\/div><\/div><\/div><\/div><div  class=\"bt_bb_column col-xl-4 col-xs-12 col-sm-12 col-md-12 col-lg-4 bt_bb_align_left bt_bb_padding_normal bt_bb_animation_fade_in bt_bb_animation_move_up animate\"  data-width=\"4\" data-bt-override-class=\"{}\"><div class=\"bt_bb_column_content bt_bb_vertical_align_bottom bt_bb_color_scheme_\"><div class=\"bt_bb_column_content_inner\"><header class=\"bt_bb_headline bt_bb_dash_none bt_bb_superheadline bt_bb_size_small bt_bb_align_inherit bt_bb_supertitle_font_weight_semi-bold btNoHeadline\" data-bt-override-class=\"{&quot;bt_bb_align_&quot;:{&quot;current_class&quot;:&quot;bt_bb_align_inherit&quot;,&quot;xxl&quot;:&quot;inherit&quot;,&quot;xl&quot;:&quot;inherit&quot;}}\"><h4 class=\"bt_bb_headline_tag\"><span class=\"bt_bb_headline_superheadline\">BERATUNG<\/span><\/h4><\/header><div class=\"bt_bb_separator bt_bb_border_style_none bt_bb_bottom_spacing_normal bt_bb_hidden_xs bt_bb_hidden_ms bt_bb_hidden_sm\" data-bt-override-class=\"null\"><\/div><div class=\"bt_bb_separator bt_bb_border_style_none bt_bb_bottom_spacing_normal\" data-bt-override-class=\"null\"><\/div><div class=\"bt_bb_button bt_bb_color_scheme_6 bt_bb_icon_color_scheme_6 bt_bb_style_outline bt_bb_size_normal bt_bb_width_inline bt_bb_shape_square bt_bb_align_inherit btWithIcon\" style=\"; --button-primary-color:#ffffff; --button-secondary-color:#8c7156;; --button-icon-primary-color:#ffffff; --button-icon-secondary-color:#8c7156;\" data-bt-override-class=\"{&quot;bt_bb_size_&quot;:{&quot;current_class&quot;:&quot;bt_bb_size_normal&quot;,&quot;xxl&quot;:&quot;normal&quot;,&quot;xl&quot;:&quot;normal&quot;},&quot;bt_bb_align_&quot;:{&quot;current_class&quot;:&quot;bt_bb_align_inherit&quot;,&quot;xxl&quot;:&quot;inherit&quot;,&quot;xl&quot;:&quot;inherit&quot;}}\"><a href=\"#\" target=\"_self\" class=\"bt_bb_link\" title=\"+36 1 920 2040\"><div class=\"bt_bb_icon\"><span  data-ico-fontawesome=\"&#xf095;\" class=\"bt_bb_icon_holder\"><\/span><\/div><div class=\"bt_bb_link\"><span class=\"bt_bb_button_text\">+36 1 920 2040<\/span><\/div><\/a><\/div><div class=\"bt_bb_separator bt_bb_border_style_none bt_bb_bottom_spacing_20\" data-bt-override-class=\"null\"><\/div><div class=\"bt_bb_image bt_bb_shape_square bt_bb_target_self bt_bb_align_inherit bt_bb_hover_style_zoom-in bt_bb_content_display_always bt_bb_content_align_middle\" data-bt-override-class=\"{&quot;bt_bb_align_&quot;:{&quot;current_class&quot;:&quot;bt_bb_align_inherit&quot;,&quot;xxl&quot;:&quot;inherit&quot;,&quot;xl&quot;:&quot;inherit&quot;}}\"><span><img loading=\"lazy\" decoding=\"async\" width=\"80\" height=\"80\" src=\"https:\/\/cathayassociates.hu\/wp-content\/uploads\/2021\/04\/wechat-cathayassociates-.png\" class=\"attachment-medium size-medium\" alt=\"https:\/\/cathayassociates.hu\/wp-content\/uploads\/2021\/04\/wechat-cathayassociates-.png\" data-full_image_src=\"https:\/\/cathayassociates.hu\/wp-content\/uploads\/2021\/04\/wechat-cathayassociates-.png\" title=\"wechat-cathayassociates\" \/><\/span><\/div><div class=\"bt_bb_separator bt_bb_border_style_none bt_bb_bottom_spacing_45\" data-bt-override-class=\"null\"><\/div><div  class=\"bt_bb_text\" ><p><span style=\"color: #8c7156;\">Copyright 2021 V\u00c1RNAI UND PARTNER ANWALTSKANZLEI.<br \/>\n<\/span><\/p>\n<\/div><div class=\"bt_bb_separator bt_bb_border_style_none bt_bb_bottom_spacing_medium\" data-bt-override-class=\"null\"><\/div><\/div><\/div><\/div><\/div><\/div><\/div><!-- cell_inner --><\/div><!-- cell --><\/div><!-- port --><\/section>","protected":false},"excerpt":{"rendered":"","protected":false},"author":1,"featured_media":0,"parent":0,"menu_order":0,"comment_status":"closed","ping_status":"closed","template":"","meta":{"footnotes":""},"class_list":["post-5131","page","type-page","status-publish","hentry"],"_links":{"self":[{"href":"https:\/\/cathayassociates.hu\/de\/wp-json\/wp\/v2\/pages\/5131","targetHints":{"allow":["GET"]}}],"collection":[{"href":"https:\/\/cathayassociates.hu\/de\/wp-json\/wp\/v2\/pages"}],"about":[{"href":"https:\/\/cathayassociates.hu\/de\/wp-json\/wp\/v2\/types\/page"}],"author":[{"embeddable":true,"href":"https:\/\/cathayassociates.hu\/de\/wp-json\/wp\/v2\/users\/1"}],"replies":[{"embeddable":true,"href":"https:\/\/cathayassociates.hu\/de\/wp-json\/wp\/v2\/comments?post=5131"}],"version-history":[{"count":1,"href":"https:\/\/cathayassociates.hu\/de\/wp-json\/wp\/v2\/pages\/5131\/revisions"}],"predecessor-version":[{"id":5145,"href":"https:\/\/cathayassociates.hu\/de\/wp-json\/wp\/v2\/pages\/5131\/revisions\/5145"}],"wp:attachment":[{"href":"https:\/\/cathayassociates.hu\/de\/wp-json\/wp\/v2\/media?parent=5131"}],"curies":[{"name":"wp","href":"https:\/\/api.w.org\/{rel}","templated":true}]}}